{"id":84,"date":"2020-11-06T14:12:35","date_gmt":"2020-11-06T13:12:35","guid":{"rendered":"http:\/\/fewo-schlegel.de\/?page_id=84"},"modified":"2020-11-06T14:12:35","modified_gmt":"2020-11-06T13:12:35","slug":"ferienwohnung-2","status":"publish","type":"page","link":"http:\/\/fewo-schlegel.de\/?page_id=84","title":{"rendered":"Ferienwohnung 2"},"content":{"rendered":"\n<p><strong>Bettenanzahl:<\/strong><br>Ferienwohnung 2: 4 Betten<\/p>\n\n\n\n<p><strong>Gr\u00f6\u00dfe:<\/strong><br>Ferienwohnung 2: 60 qm<\/p>\n\n\n\n<p><strong>Anzahl der Schlaf- und Wohnr\u00e4ume:<\/strong><br>Ferienwohnung 2: 1 Schlaf- und 1 Wohn-\/Schlafraum<\/p>\n\n\n\n<p><strong>K\u00fcchenausstattung:<\/strong><br>Ferienwohnung 2: K\u00fcche<\/p>\n\n\n\n<p><strong>Sanit\u00e4re Ausstattung:<\/strong>\u00a0<br>Ferienwohnung 2: Badewanne und WC<\/p>\n","protected":false},"excerpt":{"rendered":"<p>Bettenanzahl:Ferienwohnung 2: 4 Betten Gr\u00f6\u00dfe:Ferienwohnung 2: 60 qm Anzahl der Schlaf- und Wohnr\u00e4ume:Ferienwohnung 2: 1 Schlaf- und 1 Wohn-\/Schlafraum K\u00fcchenausstattung:Ferienwohnung 2: K\u00fcche Sanit\u00e4re Ausstattung:\u00a0Ferienwohnung 2: Badewanne und WC<\/p>\n","protected":false},"author":1,"featured_media":0,"parent":0,"menu_order":0,"comment_status":"closed","ping_status":"closed","template":"","meta":{"footnotes":""},"class_list":["post-84","page","type-page","status-publish","hentry"],"_links":{"self":[{"href":"http:\/\/fewo-schlegel.de\/index.php?rest_route=\/wp\/v2\/pages\/84","targetHints":{"allow":["GET"]}}],"collection":[{"href":"http:\/\/fewo-schlegel.de\/index.php?rest_route=\/wp\/v2\/pages"}],"about":[{"href":"http:\/\/fewo-schlegel.de\/index.php?rest_route=\/wp\/v2\/types\/page"}],"author":[{"embeddable":true,"href":"http:\/\/fewo-schlegel.de\/index.php?rest_route=\/wp\/v2\/users\/1"}],"replies":[{"embeddable":true,"href":"http:\/\/fewo-schlegel.de\/index.php?rest_route=%2Fwp%2Fv2%2Fcomments&post=84"}],"version-history":[{"count":1,"href":"http:\/\/fewo-schlegel.de\/index.php?rest_route=\/wp\/v2\/pages\/84\/revisions"}],"predecessor-version":[{"id":85,"href":"http:\/\/fewo-schlegel.de\/index.php?rest_route=\/wp\/v2\/pages\/84\/revisions\/85"}],"wp:attachment":[{"href":"http:\/\/fewo-schlegel.de\/index.php?rest_route=%2Fwp%2Fv2%2Fmedia&parent=84"}],"curies":[{"name":"wp","href":"https:\/\/api.w.org\/{rel}","templated":true}]}}